{"id":115,"date":"2021-10-01T07:40:38","date_gmt":"2021-10-01T11:40:38","guid":{"rendered":"https:\/\/persmt.setec.ufmt.br\/audiencia\/?page_id=115"},"modified":"2024-07-17T14:33:58","modified_gmt":"2024-07-17T18:33:58","slug":"equipe-de-execucao","status":"publish","type":"page","link":"https:\/\/niesa.ufmt.br\/enquadramento\/equipe-de-execucao\/","title":{"rendered":"Equipe de Execu\u00e7\u00e3o"},"content":{"rendered":"\t\t<div data-elementor-type=\"wp-page\" data-elementor-id=\"115\" class=\"elementor elementor-115\" data-elementor-post-type=\"page\">\n\t\t\t\t\t\t\t\t\t<section class=\"elementor-section elementor-top-section elementor-element elementor-element-7f2aa22 elementor-section-boxed elementor-section-height-default elementor-section-height-default\" data-id=\"7f2aa22\" data-element_type=\"section\">\n\t\t\t\t\t\t<div class=\"elementor-container elementor-column-gap-default\">\n\t\t\t\t\t<div class=\"elementor-column elementor-col-100 elementor-top-column elementor-element elementor-element-dd48e23\" data-id=\"dd48e23\" data-element_type=\"column\">\n\t\t\t<div class=\"elementor-widget-wrap elementor-element-populated\">\n\t\t\t\t\t\t\t\t<div class=\"elementor-element elementor-element-b987c23 elementor-widget elementor-widget-heading\" data-id=\"b987c23\" data-element_type=\"widget\" data-widget_type=\"heading.default\">\n\t\t\t\t<div class=\"elementor-widget-container\">\n\t\t\t<style>\/*! elementor - v3.17.0 - 08-11-2023 *\/\n.elementor-heading-title{padding:0;margin:0;line-height:1}.elementor-widget-heading .elementor-heading-title[class*=elementor-size-]>a{color:inherit;font-size:inherit;line-height:inherit}.elementor-widget-heading .elementor-heading-title.elementor-size-small{font-size:15px}.elementor-widget-heading .elementor-heading-title.elementor-size-medium{font-size:19px}.elementor-widget-heading .elementor-heading-title.elementor-size-large{font-size:29px}.elementor-widget-heading .elementor-heading-title.elementor-size-xl{font-size:39px}.elementor-widget-heading .elementor-heading-title.elementor-size-xxl{font-size:59px}<\/style><h2 class=\"elementor-heading-title elementor-size-default\">Equipe de Execu\u00e7\u00e3o<\/h2>\t\t<\/div>\n\t\t\t\t<\/div>\n\t\t\t\t<div class=\"elementor-element elementor-element-7026a02 elementor-widget-divider--view-line elementor-widget elementor-widget-divider\" data-id=\"7026a02\" data-element_type=\"widget\" data-widget_type=\"divider.default\">\n\t\t\t\t<div class=\"elementor-widget-container\">\n\t\t\t<style>\/*! elementor - v3.17.0 - 08-11-2023 *\/\n.elementor-widget-divider{--divider-border-style:none;--divider-border-width:1px;--divider-color:#0c0d0e;--divider-icon-size:20px;--divider-element-spacing:10px;--divider-pattern-height:24px;--divider-pattern-size:20px;--divider-pattern-url:none;--divider-pattern-repeat:repeat-x}.elementor-widget-divider .elementor-divider{display:flex}.elementor-widget-divider .elementor-divider__text{font-size:15px;line-height:1;max-width:95%}.elementor-widget-divider .elementor-divider__element{margin:0 var(--divider-element-spacing);flex-shrink:0}.elementor-widget-divider .elementor-icon{font-size:var(--divider-icon-size)}.elementor-widget-divider .elementor-divider-separator{display:flex;margin:0;direction:ltr}.elementor-widget-divider--view-line_icon .elementor-divider-separator,.elementor-widget-divider--view-line_text .elementor-divider-separator{align-items:center}.elementor-widget-divider--view-line_icon .elementor-divider-separator:after,.elementor-widget-divider--view-line_icon .elementor-divider-separator:before,.elementor-widget-divider--view-line_text .elementor-divider-separator:after,.elementor-widget-divider--view-line_text .elementor-divider-separator:before{display:block;content:\"\";border-bottom:0;flex-grow:1;border-top:var(--divider-border-width) var(--divider-border-style) var(--divider-color)}.elementor-widget-divider--element-align-left .elementor-divider .elementor-divider-separator>.elementor-divider__svg:first-of-type{flex-grow:0;flex-shrink:100}.elementor-widget-divider--element-align-left .elementor-divider-separator:before{content:none}.elementor-widget-divider--element-align-left .elementor-divider__element{margin-left:0}.elementor-widget-divider--element-align-right .elementor-divider .elementor-divider-separator>.elementor-divider__svg:last-of-type{flex-grow:0;flex-shrink:100}.elementor-widget-divider--element-align-right .elementor-divider-separator:after{content:none}.elementor-widget-divider--element-align-right .elementor-divider__element{margin-right:0}.elementor-widget-divider:not(.elementor-widget-divider--view-line_text):not(.elementor-widget-divider--view-line_icon) .elementor-divider-separator{border-top:var(--divider-border-width) var(--divider-border-style) var(--divider-color)}.elementor-widget-divider--separator-type-pattern{--divider-border-style:none}.elementor-widget-divider--separator-type-pattern.elementor-widget-divider--view-line .elementor-divider-separator,.elementor-widget-divider--separator-type-pattern:not(.elementor-widget-divider--view-line) .elementor-divider-separator:after,.elementor-widget-divider--separator-type-pattern:not(.elementor-widget-divider--view-line) .elementor-divider-separator:before,.elementor-widget-divider--separator-type-pattern:not([class*=elementor-widget-divider--view]) .elementor-divider-separator{width:100%;min-height:var(--divider-pattern-height);-webkit-mask-size:var(--divider-pattern-size) 100%;mask-size:var(--divider-pattern-size) 100%;-webkit-mask-repeat:var(--divider-pattern-repeat);mask-repeat:var(--divider-pattern-repeat);background-color:var(--divider-color);-webkit-mask-image:var(--divider-pattern-url);mask-image:var(--divider-pattern-url)}.elementor-widget-divider--no-spacing{--divider-pattern-size:auto}.elementor-widget-divider--bg-round{--divider-pattern-repeat:round}.rtl .elementor-widget-divider .elementor-divider__text{direction:rtl}.e-con-inner>.elementor-widget-divider,.e-con>.elementor-widget-divider{width:var(--container-widget-width,100%);--flex-grow:var(--container-widget-flex-grow)}<\/style>\t\t<div class=\"elementor-divider\">\n\t\t\t<span class=\"elementor-divider-separator\">\n\t\t\t\t\t\t<\/span>\n\t\t<\/div>\n\t\t\t\t<\/div>\n\t\t\t\t<\/div>\n\t\t\t\t\t<\/div>\n\t\t<\/div>\n\t\t\t\t\t\t\t<\/div>\n\t\t<\/section>\n\t\t\t\t<section class=\"elementor-section elementor-top-section elementor-element elementor-element-139e5e6 elementor-section-boxed elementor-section-height-default elementor-section-height-default\" data-id=\"139e5e6\" data-element_type=\"section\">\n\t\t\t\t\t\t<div class=\"elementor-container elementor-column-gap-default\">\n\t\t\t\t\t<div class=\"elementor-column elementor-col-33 elementor-top-column elementor-element elementor-element-febce97\" data-id=\"febce97\" data-element_type=\"column\">\n\t\t\t<div class=\"elementor-widget-wrap elementor-element-populated\">\n\t\t\t\t\t\t\t\t<div class=\"elementor-element elementor-element-913808f elementor-widget elementor-widget-text-editor\" data-id=\"913808f\" data-element_type=\"widget\" data-widget_type=\"text-editor.default\">\n\t\t\t\t<div class=\"elementor-widget-container\">\n\t\t\t<style>\/*! elementor - v3.17.0 - 08-11-2023 *\/\n.elementor-widget-text-editor.elementor-drop-cap-view-stacked .elementor-drop-cap{background-color:#69727d;color:#fff}.elementor-widget-text-editor.elementor-drop-cap-view-framed .elementor-drop-cap{color:#69727d;border:3px solid;background-color:transparent}.elementor-widget-text-editor:not(.elementor-drop-cap-view-default) .elementor-drop-cap{margin-top:8px}.elementor-widget-text-editor:not(.elementor-drop-cap-view-default) .elementor-drop-cap-letter{width:1em;height:1em}.elementor-widget-text-editor .elementor-drop-cap{float:left;text-align:center;line-height:1;font-size:50px}.elementor-widget-text-editor .elementor-drop-cap-letter{display:inline-block}<\/style>\t\t\t\t<p style=\"text-align: center;\"><strong>Coordenador Geral<\/strong><br \/>Jos\u00e9 \u00c1lvaro da Silva<\/p><p style=\"text-align: center;\"><strong>Engenheiros<\/strong><br \/>Gabriel Figueiredo de Moraes<br \/>Guilherme J\u00falio Muller Abreu Lima<br \/>Viktor Antal Stringhini<\/p><p style=\"text-align: center;\"><strong>Planej. Estrat\u00e9gico e Socioecon\u00f4mico<\/strong><br \/>Jo\u00e3o Orlando Flores Maciel<\/p><p style=\"text-align: center;\"><strong>Ger\u00eancia administrativa<\/strong><br \/>C\u00e1ssia Regina Carnevale<\/p><p style=\"text-align: center;\"><strong>Sistema de Informa\u00e7\u00e3o<\/strong><br \/>Carlos Ueslei Rodrigues de Oliveira<\/p><p style=\"text-align: center;\"><strong>Desenvolvimento de Tecnologia<\/strong><br \/>Wesley Ortiz Fernandes<\/p>\t\t\t\t\t\t<\/div>\n\t\t\t\t<\/div>\n\t\t\t\t\t<\/div>\n\t\t<\/div>\n\t\t\t\t<div class=\"elementor-column elementor-col-33 elementor-top-column elementor-element elementor-element-0facd6c\" data-id=\"0facd6c\" data-element_type=\"column\">\n\t\t\t<div class=\"elementor-widget-wrap elementor-element-populated\">\n\t\t\t\t\t\t\t\t<div class=\"elementor-element elementor-element-87fe9e3 elementor-widget elementor-widget-text-editor\" data-id=\"87fe9e3\" data-element_type=\"widget\" data-widget_type=\"text-editor.default\">\n\t\t\t\t<div class=\"elementor-widget-container\">\n\t\t\t\t\t\t\t<p style=\"text-align: center;\"><strong>Coordenadora T\u00e9cnica<\/strong><br \/>Eliana Beatriz Nunes Rondon Lima<\/p><p style=\"text-align: center;\"><strong>Governan\u00e7a do projeto<\/strong><br \/>Ciliane Carla Sella de Almeida<\/p><p style=\"text-align: center;\"><strong>Equipe Social e Comunica\u00e7\u00e3o<\/strong><br \/>Josita Correto da Rocha Priante<br \/>Maria Jacobina da Cruz Bezerra<\/p><p style=\"text-align: center;\"><strong>Bolsistas de gradua\u00e7\u00e3o e p\u00f3s-gradua\u00e7\u00e3o<\/strong><br \/>Ana Paula Carvalho Bispo<br \/>Andreza Arcanjo Puger<br \/>Gabriel Bonfim Palermo<br \/>Gabriela Mesquita Barbary<br \/>Rafhael de Sene Faria Amorim<br \/>Renato Gatto de Morais<br \/>Vitoria Antunes de Campos e Silva<\/p><p style=\"text-align: center;\"><span style=\"font-size: 16px;\">Iasmim Sousa Silva\u00a0<\/span><\/p><p style=\"text-align: center;\">Beatriz Sacramento<\/p>\t\t\t\t\t\t<\/div>\n\t\t\t\t<\/div>\n\t\t\t\t\t<\/div>\n\t\t<\/div>\n\t\t\t\t<div class=\"elementor-column elementor-col-33 elementor-top-column elementor-element elementor-element-a8d8ae4\" data-id=\"a8d8ae4\" data-element_type=\"column\">\n\t\t\t<div class=\"elementor-widget-wrap elementor-element-populated\">\n\t\t\t\t\t\t\t\t<div class=\"elementor-element elementor-element-8eeaed4 elementor-widget elementor-widget-text-editor\" data-id=\"8eeaed4\" data-element_type=\"widget\" data-widget_type=\"text-editor.default\">\n\t\t\t\t<div class=\"elementor-widget-container\">\n\t\t\t\t\t\t\t<p style=\"text-align: center;\"><strong>Consultores<\/strong><br \/>Daniela Maimoni Figueiredo<br \/>Claudio Santos de Miranda<br \/>Elder de Lucena Madruga<br \/>Eliana Freire Gaspar de Carvalho Dores<br \/>Hildelano Delanusse Theodoro<br \/>Ibraim Fantin da Cruz<br \/>Jerry Magno Ferreira Penha<br \/>Jhonatan Barbosa da Silva<br \/>Jonas dos Santos<br \/>Luanna M\u00eanithen Souza Silva Santos<br \/>Luciana Sanches<br \/>Marcelo de Carvalho Alves<br \/>Paulo Jos\u00e9 Alves de Oliveira<br \/>Peter Zeilhofer<br \/>Renato Blat Migliorini<br \/>Rossean Golin<br \/>Walter Collishonn<br \/>Zoraidy Marques de Lima<\/p>\t\t\t\t\t\t<\/div>\n\t\t\t\t<\/div>\n\t\t\t\t\t<\/div>\n\t\t<\/div>\n\t\t\t\t\t\t\t<\/div>\n\t\t<\/section>\n\t\t\t\t\t\t\t<\/div>\n\t\t","protected":false},"excerpt":{"rendered":"<p>Equipe de Execu\u00e7\u00e3o Coordenador GeralJos\u00e9 \u00c1lvaro da Silva EngenheirosGabriel Figueiredo de MoraesGuilherme J\u00falio Muller Abreu LimaViktor Antal Stringhini Planej. Estrat\u00e9gico<\/p>\n","protected":false},"author":1,"featured_media":0,"parent":0,"menu_order":0,"comment_status":"closed","ping_status":"closed","template":"elementor_header_footer","meta":{"footnotes":""},"class_list":["post-115","page","type-page","status-publish","hentry"],"_links":{"self":[{"href":"https:\/\/niesa.ufmt.br\/enquadramento\/wp-json\/wp\/v2\/pages\/115","targetHints":{"allow":["GET"]}}],"collection":[{"href":"https:\/\/niesa.ufmt.br\/enquadramento\/wp-json\/wp\/v2\/pages"}],"about":[{"href":"https:\/\/niesa.ufmt.br\/enquadramento\/wp-json\/wp\/v2\/types\/page"}],"author":[{"embeddable":true,"href":"https:\/\/niesa.ufmt.br\/enquadramento\/wp-json\/wp\/v2\/users\/1"}],"replies":[{"embeddable":true,"href":"https:\/\/niesa.ufmt.br\/enquadramento\/wp-json\/wp\/v2\/comments?post=115"}],"version-history":[{"count":19,"href":"https:\/\/niesa.ufmt.br\/enquadramento\/wp-json\/wp\/v2\/pages\/115\/revisions"}],"predecessor-version":[{"id":1056,"href":"https:\/\/niesa.ufmt.br\/enquadramento\/wp-json\/wp\/v2\/pages\/115\/revisions\/1056"}],"wp:attachment":[{"href":"https:\/\/niesa.ufmt.br\/enquadramento\/wp-json\/wp\/v2\/media?parent=115"}],"curies":[{"name":"wp","href":"https:\/\/api.w.org\/{rel}","templated":true}]}}