{"id":1317,"date":"2026-04-10T11:36:49","date_gmt":"2026-04-10T15:36:49","guid":{"rendered":"https:\/\/niesa.ufmt.br\/planodebacia\/?page_id=1317"},"modified":"2026-04-10T11:45:43","modified_gmt":"2026-04-10T15:45:43","slug":"mop","status":"publish","type":"page","link":"https:\/\/niesa.ufmt.br\/planodebacia\/mop\/","title":{"rendered":"MOP"},"content":{"rendered":"\t\t<div data-elementor-type=\"wp-page\" data-elementor-id=\"1317\" class=\"elementor elementor-1317\" data-elementor-post-type=\"page\">\n\t\t\t\t\t\t\t<div class=\"elementor-element elementor-element-23fb2cd e-flex e-con-boxed e-con e-parent\" data-id=\"23fb2cd\" data-element_type=\"container\" data-settings=\"{&quot;content_width&quot;:&quot;boxed&quot;}\" data-core-v316-plus=\"true\">\n\t\t\t\t\t<div class=\"e-con-inner\">\n\t\t\t\t<div class=\"elementor-element elementor-element-6037f71 elementor-widget elementor-widget-heading\" data-id=\"6037f71\" data-element_type=\"widget\" data-widget_type=\"heading.default\">\n\t\t\t\t<div class=\"elementor-widget-container\">\n\t\t\t<style>\/*! elementor - v3.17.0 - 08-11-2023 *\/\n.elementor-heading-title{padding:0;margin:0;line-height:1}.elementor-widget-heading .elementor-heading-title[class*=elementor-size-]>a{color:inherit;font-size:inherit;line-height:inherit}.elementor-widget-heading .elementor-heading-title.elementor-size-small{font-size:15px}.elementor-widget-heading .elementor-heading-title.elementor-size-medium{font-size:19px}.elementor-widget-heading .elementor-heading-title.elementor-size-large{font-size:29px}.elementor-widget-heading .elementor-heading-title.elementor-size-xl{font-size:39px}.elementor-widget-heading .elementor-heading-title.elementor-size-xxl{font-size:59px}<\/style><h2 class=\"elementor-heading-title elementor-size-xl\">MOP - PRH<\/h2>\t\t<\/div>\n\t\t\t\t<\/div>\n\t\t\t\t\t<\/div>\n\t\t\t\t<\/div>\n\t\t<div class=\"elementor-element elementor-element-61e71d8 e-flex e-con-boxed e-con e-parent\" data-id=\"61e71d8\" data-element_type=\"container\" data-settings=\"{&quot;content_width&quot;:&quot;boxed&quot;}\" data-core-v316-plus=\"true\">\n\t\t\t\t\t<div class=\"e-con-inner\">\n\t\t<div class=\"elementor-element elementor-element-eb3b5c0 e-con-full e-flex e-con e-child\" data-id=\"eb3b5c0\" data-element_type=\"container\" data-settings=\"{&quot;content_width&quot;:&quot;full&quot;}\">\n\t\t<div class=\"elementor-element elementor-element-3f2fb77 e-con-full e-flex e-con e-child\" data-id=\"3f2fb77\" data-element_type=\"container\" data-settings=\"{&quot;content_width&quot;:&quot;full&quot;}\">\n\t\t<div class=\"elementor-element elementor-element-15a902d e-con-full e-flex e-con e-child\" data-id=\"15a902d\" data-element_type=\"container\" data-settings=\"{&quot;content_width&quot;:&quot;full&quot;}\">\n\t\t\t\t<div class=\"elementor-element elementor-element-fb76d9a elementor-view-default elementor-widget elementor-widget-icon\" data-id=\"fb76d9a\" data-element_type=\"widget\" data-widget_type=\"icon.default\">\n\t\t\t\t<div class=\"elementor-widget-container\">\n\t\t\t\t\t<div class=\"elementor-icon-wrapper\">\n\t\t\t<div class=\"elementor-icon\">\n\t\t\t<svg xmlns=\"http:\/\/www.w3.org\/2000\/svg\" xmlns:xlink=\"http:\/\/www.w3.org\/1999\/xlink\" viewBox=\"0 0 96 96\" id=\"Icons_Contract_LTR\"><style>.MsftOfcThm_Accent1_lumMod_50_Fill_v2 { fill:#0B3041; }.MsftOfcThm_Text2_lumMod_90_lumOff_10_Stroke_v2 { stroke:#163E64; }<\/style><g><path d=\"M23 14 73 14 73 82 23 82 23 14ZM17 88 79 88 79 8 17 8 17 88Z\" class=\"MsftOfcThm_Accent1_lumMod_50_Fill_v2 MsftOfcThm_Text2_lumMod_90_lumOff_10_Stroke_v2\" stroke=\"#4EA72E\" stroke-width=\"1.33333\" fill=\"#0B3041\"><\/path><rect x=\"49\" y=\"66\" width=\"18\" height=\"4\" class=\"MsftOfcThm_Accent1_lumMod_50_Fill_v2 MsftOfcThm_Text2_lumMod_90_lumOff_10_Stroke_v2\" stroke=\"#4EA72E\" stroke-width=\"1.33333\" fill=\"#0B3041\"><\/rect><rect x=\"29\" y=\"22\" width=\"38\" height=\"4\" class=\"MsftOfcThm_Accent1_lumMod_50_Fill_v2 MsftOfcThm_Text2_lumMod_90_lumOff_10_Stroke_v2\" stroke=\"#4EA72E\" stroke-width=\"1.33333\" fill=\"#0B3041\"><\/rect><rect x=\"29\" y=\"30\" width=\"38\" height=\"4\" class=\"MsftOfcThm_Accent1_lumMod_50_Fill_v2 MsftOfcThm_Text2_lumMod_90_lumOff_10_Stroke_v2\" stroke=\"#4EA72E\" stroke-width=\"1.33333\" fill=\"#0B3041\"><\/rect><rect x=\"29\" y=\"38\" width=\"38\" height=\"4\" class=\"MsftOfcThm_Accent1_lumMod_50_Fill_v2 MsftOfcThm_Text2_lumMod_90_lumOff_10_Stroke_v2\" stroke=\"#4EA72E\" stroke-width=\"1.33333\" fill=\"#0B3041\"><\/rect><rect x=\"29\" y=\"46\" width=\"19\" height=\"4\" class=\"MsftOfcThm_Accent1_lumMod_50_Fill_v2 MsftOfcThm_Text2_lumMod_90_lumOff_10_Stroke_v2\" stroke=\"#4EA72E\" stroke-width=\"1.33333\" fill=\"#0B3041\"><\/rect><path d=\"M32.1 75 36 71.1 39.9 75 43 71.9 39.1 68 43 64.1 39.9 61 36 64.9 32.1 61 29 64.1 32.9 68 29 71.9Z\" class=\"MsftOfcThm_Accent1_lumMod_50_Fill_v2 MsftOfcThm_Text2_lumMod_90_lumOff_10_Stroke_v2\" stroke=\"#4EA72E\" stroke-width=\"1.33333\" fill=\"#0B3041\"><\/path><\/g><\/svg>\t\t\t<\/div>\n\t\t<\/div>\n\t\t\t\t<\/div>\n\t\t\t\t<\/div>\n\t\t\t\t<\/div>\n\t\t<div class=\"elementor-element elementor-element-eeaafae e-con-full e-flex e-con e-child\" data-id=\"eeaafae\" data-element_type=\"container\" data-settings=\"{&quot;content_width&quot;:&quot;full&quot;}\">\n\t\t\t\t<div class=\"elementor-element elementor-element-26d89ce elementor-widget elementor-widget-text-editor\" data-id=\"26d89ce\" data-element_type=\"widget\" data-widget_type=\"text-editor.default\">\n\t\t\t\t<div class=\"elementor-widget-container\">\n\t\t\t<style>\/*! elementor - v3.17.0 - 08-11-2023 *\/\n.elementor-widget-text-editor.elementor-drop-cap-view-stacked .elementor-drop-cap{background-color:#69727d;color:#fff}.elementor-widget-text-editor.elementor-drop-cap-view-framed .elementor-drop-cap{color:#69727d;border:3px solid;background-color:transparent}.elementor-widget-text-editor:not(.elementor-drop-cap-view-default) .elementor-drop-cap{margin-top:8px}.elementor-widget-text-editor:not(.elementor-drop-cap-view-default) .elementor-drop-cap-letter{width:1em;height:1em}.elementor-widget-text-editor .elementor-drop-cap{float:left;text-align:center;line-height:1;font-size:50px}.elementor-widget-text-editor .elementor-drop-cap-letter{display:inline-block}<\/style>\t\t\t\t<p align=\"justify\">Este documento constitui o Manual Operativo (MOP) destinado a orientar a implementa\u00e7\u00e3o dos Programas, Projetos e A\u00e7\u00f5es priorit\u00e1rios do Plano de Recursos H\u00eddricos da Bacia Hidrogr\u00e1fica do Alto rio Cuiab\u00e1 \u2013 UPG P4, bem como a operacionaliza\u00e7\u00e3o dos demais instrumentos de gest\u00e3o e planejamento dos recursos h\u00eddricos<\/p><p align=\"justify\">\u00a0<\/p>\t\t\t\t\t\t<\/div>\n\t\t\t\t<\/div>\n\t\t\t\t<\/div>\n\t\t\t\t<\/div>\n\t\t\t\t<\/div>\n\t\t<div class=\"elementor-element elementor-element-773a765 e-con-full e-flex e-con e-child\" data-id=\"773a765\" data-element_type=\"container\" data-settings=\"{&quot;content_width&quot;:&quot;full&quot;}\">\n\t\t\t\t<div class=\"elementor-element elementor-element-dc59260 elementor-button-info elementor-align-justify elementor-widget elementor-widget-button\" data-id=\"dc59260\" data-element_type=\"widget\" data-widget_type=\"button.default\">\n\t\t\t\t<div class=\"elementor-widget-container\">\n\t\t\t\t\t<div class=\"elementor-button-wrapper\">\n\t\t\t<a class=\"elementor-button elementor-button-link elementor-size-sm\" href=\"https:\/\/niesa.ufmt.br\/planodebacia\/wp-content\/uploads\/2026\/04\/MOP-PRH-01.04-3.pdf\" target=\"_blank\">\n\t\t\t\t\t\t<span class=\"elementor-button-content-wrapper\">\n\t\t\t\t\t\t<span class=\"elementor-button-text\">MOP - PRH<\/span>\n\t\t<\/span>\n\t\t\t\t\t<\/a>\n\t\t<\/div>\n\t\t\t\t<\/div>\n\t\t\t\t<\/div>\n\t\t\t\t<\/div>\n\t\t<div class=\"elementor-element elementor-element-6212684 e-con-full e-flex e-con e-child\" data-id=\"6212684\" data-element_type=\"container\" data-settings=\"{&quot;content_width&quot;:&quot;full&quot;}\">\n\t\t<div class=\"elementor-element elementor-element-14eb319 e-con-full e-flex e-con e-child\" data-id=\"14eb319\" data-element_type=\"container\" data-settings=\"{&quot;content_width&quot;:&quot;full&quot;}\">\n\t\t\t\t<div class=\"elementor-element elementor-element-d215d03 elementor-view-default elementor-widget elementor-widget-icon\" data-id=\"d215d03\" data-element_type=\"widget\" data-widget_type=\"icon.default\">\n\t\t\t\t<div class=\"elementor-widget-container\">\n\t\t\t\t\t<div class=\"elementor-icon-wrapper\">\n\t\t\t<div class=\"elementor-icon\">\n\t\t\t<svg xmlns=\"http:\/\/www.w3.org\/2000\/svg\" xmlns:xlink=\"http:\/\/www.w3.org\/1999\/xlink\" viewBox=\"0 0 96 96\" id=\"Icons_Warning_M\"><g id=\"Icons\"><path d=\"M90.6 80 51.5 12C50.4365 10.0946 48.0298 9.41212 46.1244 10.4756 45.4848 10.8326 44.957 11.3604 44.6 12L5.4 80C4.30371 81.9275 4.9775 84.3787 6.90497 85.475 7.5129 85.8208 8.20061 86.0017 8.9 86L87.1 86C89.3174 86.0055 91.1195 84.2124 91.125 81.995 91.1268 81.2956 90.9458 80.6079 90.6 80ZM88.839 83.019C88.4799 83.637 87.8146 84.0123 87.1 84L8.9 84C8.18507 84.0125 7.5195 83.6367 7.161 83.018 6.78807 82.3997 6.77737 81.6284 7.133 81L46.348 12.971C46.8768 12.0316 48.0671 11.6987 49.0065 12.2276 49.3275 12.4082 49.5908 12.676 49.766 13L88.852 80.971C89.2186 81.6057 89.2137 82.389 88.839 83.019Z\" stroke=\"#EE0000\"><\/path><path d=\"M48 73.98C47.3953 73.9976 46.8116 73.7577 46.394 73.32 45.9625 72.8895 45.7274 72.3003 45.744 71.691 45.7194 71.0835 45.953 70.4939 46.387 70.068 46.8156 69.6456 47.3985 69.4172 48 69.436 48.6136 69.4208 49.208 69.6503 49.652 70.074 50.1 70.4898 50.3446 71.0802 50.322 71.691 50.3367 72.3033 50.0911 72.8932 49.646 73.314 49.212 73.7526 48.6168 73.9934 48 73.98Z\" stroke=\"#EE0000\"><\/path><path d=\"M46.901 62.6 46.578 30.787 49.289 30.787 48.966 62.6 46.901 62.6Z\" stroke=\"#EE0000\"><\/path><\/g><\/svg>\t\t\t<\/div>\n\t\t<\/div>\n\t\t\t\t<\/div>\n\t\t\t\t<\/div>\n\t\t\t\t<\/div>\n\t\t<div class=\"elementor-element elementor-element-8e3debe e-con-full e-flex e-con e-child\" data-id=\"8e3debe\" data-element_type=\"container\" data-settings=\"{&quot;content_width&quot;:&quot;full&quot;}\">\n\t\t\t\t<div class=\"elementor-element elementor-element-131053d elementor-widget elementor-widget-text-editor\" data-id=\"131053d\" data-element_type=\"widget\" data-widget_type=\"text-editor.default\">\n\t\t\t\t<div class=\"elementor-widget-container\">\n\t\t\t\t\t\t\t<p>01 de Abril de 2026 , este produto foi encaminhado ao GAP (Grupo de Acompanhamento do Plano). Conforme a Resolu\u00e7\u00e3o Conjunta CEHIDRO CBH-ME n. 01\/2022, que disciplina a rela\u00e7\u00e3o com a equipe t\u00e9cnica respons\u00e1vel pela elabora\u00e7\u00e3o do Plano (NIESA\/UFMT), o prazo para leitura, apresenta\u00e7\u00e3o do produto e aprova\u00e7\u00e3o do produto \u00e9 de 30 dias prorrog\u00e1veis por mais 15.<\/p><p>Logo, este produto n\u00e3o est\u00e1 aprovado pelo GAP. \u00c9 publicado e disponibilizado ao p\u00fablico para atender ao princ\u00edpio da Transpar\u00eancia e fomentar a participa\u00e7\u00e3o da sociedade que poder\u00e1 contribuir com cr\u00edticas e sugest\u00f5es para o e-mail: planobaciacbh@gmail.com.<\/p>\t\t\t\t\t\t<\/div>\n\t\t\t\t<\/div>\n\t\t\t\t<\/div>\n\t\t\t\t<\/div>\n\t\t\t\t\t<\/div>\n\t\t\t\t<\/div>\n\t\t\t\t\t\t\t<\/div>\n\t\t","protected":false},"excerpt":{"rendered":"<p>MOP &#8211; PRH Este documento constitui o Manual Operativo (MOP) destinado a orientar a implementa\u00e7\u00e3o dos Programas, Projetos e A\u00e7\u00f5es<\/p>\n","protected":false},"author":5,"featured_media":0,"parent":0,"menu_order":0,"comment_status":"closed","ping_status":"closed","template":"elementor_header_footer","meta":{"footnotes":""},"class_list":["post-1317","page","type-page","status-publish","hentry"],"_links":{"self":[{"href":"https:\/\/niesa.ufmt.br\/planodebacia\/wp-json\/wp\/v2\/pages\/1317","targetHints":{"allow":["GET"]}}],"collection":[{"href":"https:\/\/niesa.ufmt.br\/planodebacia\/wp-json\/wp\/v2\/pages"}],"about":[{"href":"https:\/\/niesa.ufmt.br\/planodebacia\/wp-json\/wp\/v2\/types\/page"}],"author":[{"embeddable":true,"href":"https:\/\/niesa.ufmt.br\/planodebacia\/wp-json\/wp\/v2\/users\/5"}],"replies":[{"embeddable":true,"href":"https:\/\/niesa.ufmt.br\/planodebacia\/wp-json\/wp\/v2\/comments?post=1317"}],"version-history":[{"count":13,"href":"https:\/\/niesa.ufmt.br\/planodebacia\/wp-json\/wp\/v2\/pages\/1317\/revisions"}],"predecessor-version":[{"id":1332,"href":"https:\/\/niesa.ufmt.br\/planodebacia\/wp-json\/wp\/v2\/pages\/1317\/revisions\/1332"}],"wp:attachment":[{"href":"https:\/\/niesa.ufmt.br\/planodebacia\/wp-json\/wp\/v2\/media?parent=1317"}],"curies":[{"name":"wp","href":"https:\/\/api.w.org\/{rel}","templated":true}]}}